{"id":60,"date":"2015-04-15T10:57:41","date_gmt":"2015-04-15T10:57:41","guid":{"rendered":"http:\/\/welfare.cmsmasters.net\/?page_id=60"},"modified":"2024-02-16T11:16:55","modified_gmt":"2024-02-16T10:16:55","slug":"contact-us","status":"publish","type":"page","link":"https:\/\/fundacja-latarnia.pl\/index.php\/contact-us\/","title":{"rendered":"Kontakt"},"content":{"rendered":"<style type=\"text\/css\"> \n#cmsmasters_row_69f33d02cd6e85_67358287 .cmsmasters_row_outer_parent { \n\tpadding-top: 100px; \n} \n\n#cmsmasters_row_69f33d02cd6e85_67358287 .cmsmasters_row_outer_parent { \n\tpadding-bottom: 100px; \n} \n\n \n#cmsmasters_heading_69f33d02cda6a { \n\ttext-align:left; \n\tmargin-top:0px; \n\tmargin-bottom:10px; \n} \n\n#cmsmasters_heading_69f33d02cda6a .cmsmasters_heading { \n\ttext-align:left; \n} \n\n#cmsmasters_heading_69f33d02cda6a .cmsmasters_heading, #cmsmasters_heading_69f33d02cda6a .cmsmasters_heading a { \n\tfont-size:48px; \n\tfont-weight:300; \n\tfont-style:normal; \n} \n\n#cmsmasters_heading_69f33d02cda6a .cmsmasters_heading_divider { \n} \n\n \n#cmsmasters_heading_69f33d02cdac3 { \n\ttext-align:left; \n\tmargin-top:0px; \n\tmargin-bottom:20px; \n} \n\n#cmsmasters_heading_69f33d02cdac3 .cmsmasters_heading { \n\ttext-align:left; \n} \n\n#cmsmasters_heading_69f33d02cdac3 .cmsmasters_heading, #cmsmasters_heading_69f33d02cdac3 .cmsmasters_heading a { \n\tfont-size:20px; \n\tfont-weight:300; \n\tfont-style:normal; \n} \n\n#cmsmasters_heading_69f33d02cdac3 .cmsmasters_heading_divider { \n} \n\n \n#cmsmasters_divider_69f33d02cdb0b7_54627302 { \n\tborder-bottom-width:0px; \n\tborder-bottom-style:solid; \n\tpadding-top:30px; \n\tmargin-bottom:0px; \n} \n \n#cmsmasters_heading_69f33d02cdc2d { \n\ttext-align:left; \n\tmargin-top:0px; \n\tmargin-bottom:20px; \n} \n\n#cmsmasters_heading_69f33d02cdc2d .cmsmasters_heading { \n\ttext-align:left; \n} \n\n#cmsmasters_heading_69f33d02cdc2d .cmsmasters_heading, #cmsmasters_heading_69f33d02cdc2d .cmsmasters_heading a { \n\tfont-family:'Lato'; \n\tfont-weight:bold; \n\tfont-style:normal; \n} \n\n#cmsmasters_heading_69f33d02cdc2d .cmsmasters_heading_divider { \n} \n\n \n\n#cmsmasters_fb_69f33d02cdc610_57984936 { \n\tpadding-top:0px; \n\tpadding-bottom:0px; \n} \n\n#cmsmasters_fb_69f33d02cdc610_57984936 .featured_block_inner { \n\twidth: 100%; \n\tpadding: ; \n\ttext-align: left; \n\tmargin:0 auto; \n} \n\n#cmsmasters_fb_69f33d02cdc610_57984936 .featured_block_text { \n\ttext-align: left; \n} \n\n \n#cmsmasters_divider_69f33d02cdc9a9_11993146 { \n\tborder-bottom-width:1px; \n\tborder-bottom-style:solid; \n\tpadding-top:10px; \n\tmargin-bottom:10px; \n} \n \n#cmsmasters_heading_69f33d02cdcc9 { \n\ttext-align:left; \n\tmargin-top:15px; \n\tmargin-bottom:20px; \n} \n\n#cmsmasters_heading_69f33d02cdcc9 .cmsmasters_heading { \n\ttext-align:left; \n} \n\n#cmsmasters_heading_69f33d02cdcc9 .cmsmasters_heading, #cmsmasters_heading_69f33d02cdcc9 .cmsmasters_heading a { \n\tfont-family:'Lato'; \n\tfont-weight:bold; \n\tfont-style:normal; \n} \n\n#cmsmasters_heading_69f33d02cdcc9 .cmsmasters_heading_divider { \n} \n\n \n\n#cmsmasters_fb_69f33d02cdcde5_00738817 { \n\tpadding-top:0px; \n\tpadding-bottom:0px; \n} \n\n#cmsmasters_fb_69f33d02cdcde5_00738817 .featured_block_inner { \n\twidth: 100%; \n\tpadding: ; \n\ttext-align: left; \n\tmargin:0 auto; \n} \n\n#cmsmasters_fb_69f33d02cdcde5_00738817 .featured_block_text { \n\ttext-align: left; \n} \n\n \n#cmsmasters_divider_69f33d02cdd000_12997586 { \n\tborder-bottom-width:1px; \n\tborder-bottom-style:solid; \n\tpadding-top:10px; \n\tmargin-bottom:10px; \n} \n \n#cmsmasters_heading_69f33d02cdd27 { \n\ttext-align:left; \n\tmargin-top:15px; \n\tmargin-bottom:20px; \n} \n\n#cmsmasters_heading_69f33d02cdd27 .cmsmasters_heading { \n\ttext-align:left; \n} \n\n#cmsmasters_heading_69f33d02cdd27 .cmsmasters_heading, #cmsmasters_heading_69f33d02cdd27 .cmsmasters_heading a { \n\tfont-family:'Lato'; \n\tfont-weight:bold; \n\tfont-style:normal; \n} \n\n#cmsmasters_heading_69f33d02cdd27 .cmsmasters_heading_divider { \n} \n\n \n\n#cmsmasters_fb_69f33d02cdd484_10735693 { \n\tpadding-top:0px; \n\tpadding-bottom:0px; \n} \n\n#cmsmasters_fb_69f33d02cdd484_10735693 .featured_block_inner { \n\twidth: 100%; \n\tpadding: ; \n\ttext-align: left; \n\tmargin:0 auto; \n} \n\n#cmsmasters_fb_69f33d02cdd484_10735693 .featured_block_text { \n\ttext-align: left; \n} \n\n \n#cmsmasters_row_69f33d02cdd852_74735991 .cmsmasters_row_outer_parent { \n\tpadding-top: 0px; \n} \n\n#cmsmasters_row_69f33d02cdd852_74735991 .cmsmasters_row_outer_parent { \n\tpadding-bottom: 0px; \n} \n\n#cmsmasters_row_69f33d02cdd852_74735991 .cmsmasters_row_inner.cmsmasters_row_fullwidth { \n\tpadding-left:0%; \n} \n#cmsmasters_row_69f33d02cdd852_74735991 .cmsmasters_row_inner.cmsmasters_row_fullwidth { \n\tpadding-right:0%; \n} \n\n#google_map_69f33d02cde8e9_57365793{\n\theight: 455px;\n}\n \n#cmsmasters_row_69f33d02cdea17_30307196 .cmsmasters_row_outer_parent { \n\tpadding-top: 100px; \n} \n\n#cmsmasters_row_69f33d02cdea17_30307196 .cmsmasters_row_outer_parent { \n\tpadding-bottom: 0px; \n} \n\n \n#cmsmasters_row_69f33d02ce01a6_36134998 .cmsmasters_row_outer_parent { \n\tpadding-top: 20px; \n} \n\n#cmsmasters_row_69f33d02ce01a6_36134998 .cmsmasters_row_outer_parent { \n\tpadding-bottom: 30px; \n} \n\n \n#cmsmasters_icon_69f33d02ce0e72_43053231 { \n\tdisplay:block; \n\ttext-align:center; } \n\n#cmsmasters_icon_69f33d02ce0e72_43053231 .cmsmasters_simple_icon { \n\tborder-width:0px; \n\twidth:120px; \n\theight:120px; \n\tfont-size:60px; \n\tline-height:120px; \n\ttext-align:center; \n\t-webkit-border-radius:50%; \n\tborder-radius:50%; \n\tcolor:#5471d8;} \n \n#cmsmasters_icon_69f33d02ce1348_63628046 { \n\tdisplay:block; \n\ttext-align:center; } \n\n#cmsmasters_icon_69f33d02ce1348_63628046 .cmsmasters_simple_icon { \n\tborder-width:0px; \n\twidth:120px; \n\theight:120px; \n\tfont-size:60px; \n\tline-height:120px; \n\ttext-align:center; \n\t-webkit-border-radius:50%; \n\tborder-radius:50%; \n\tcolor:#5471d8;} \n \n#cmsmasters_icon_69f33d02ce1650_70385933 { \n\tdisplay:block; \n\ttext-align:center; } \n\n#cmsmasters_icon_69f33d02ce1650_70385933 .cmsmasters_simple_icon { \n\tborder-width:0px; \n\twidth:120px; \n\theight:120px; \n\tfont-size:60px; \n\tline-height:120px; \n\ttext-align:center; \n\t-webkit-border-radius:50%; \n\tborder-radius:50%; \n\tcolor:#5471d8;} \n<\/style><div id=\"cmsmasters_row_69f33d02cd59a0_76797950\" class=\"cmsmasters_row cmsmasters_color_scheme_default cmsmasters_row_top_default cmsmasters_row_bot_default cmsmasters_row_boxed\">\n<div class=\"cmsmasters_row_outer_parent\">\n<div class=\"cmsmasters_row_outer\">\n<div class=\"cmsmasters_row_inner\">\n<div class=\"cmsmasters_row_margin\">\n<div class=\"cmsmasters_column one_first\">\n<div class=\"cmsmasters_text\">\n<p>&nbsp;<\/p>\n<\/div>\n<\/div>\n<\/div>\n<\/div>\n<\/div>\n<\/div>\n<\/div>\n<div id=\"cmsmasters_row_69f33d02cd6e85_67358287\" class=\"cmsmasters_row cmsmasters_color_scheme_default cmsmasters_row_top_default cmsmasters_row_bot_default cmsmasters_row_boxed\">\n<div class=\"cmsmasters_row_outer_parent\">\n<div class=\"cmsmasters_row_outer\">\n<div class=\"cmsmasters_row_inner\">\n<div class=\"cmsmasters_row_margin\">\n<div class=\"cmsmasters_column two_third\">\n\n<div id=\"cmsmasters_heading_69f33d02cda6a\" class=\"cmsmasters_heading_wrap cmsmasters_heading_align_left\">\n\t<h1 class=\"cmsmasters_heading\">Kontakt<\/h1>\n<\/div>\n<div id=\"cmsmasters_heading_69f33d02cdac3\" class=\"cmsmasters_heading_wrap cmsmasters_heading_align_left\">\n\t<h3 class=\"cmsmasters_heading\">Adresy do kontaktu:<\/h3>\n<\/div>\n\n<div id=\"cmsmasters_divider_69f33d02cdb0b7_54627302\" class=\"cl\"><\/div>\n<p><strong>Kontakt<\/strong><br \/>\n<a href=\"mailto:biuro@fundacja-latarnia.pl\">biuro@fundacja-latarnia.pl<\/a><\/p>\n<p><strong>Kontakt CHD \u201eZatoka Pere\u0142\u201d:<br \/>\n<\/strong><a href=\"mailto:biuro_zatoka@fundacja-latarnia.pl\">biuro_zatoka@fundacja-latarnia.pl<\/a><br \/>\nKatarzyna Szwed &nbsp; +48 660 634 219<\/p>\n<\/div>\n<div class=\"cmsmasters_column one_third\">\n\n<div id=\"cmsmasters_heading_69f33d02cdc2d\" class=\"cmsmasters_heading_wrap cmsmasters_heading_align_left\">\n\t<h4 class=\"cmsmasters_heading\">Fundacja Latarnia<\/h4>\n<\/div><div id=\"cmsmasters_fb_69f33d02cdc610_57984936\" class=\"cmsmasters_featured_block\">\n<div class=\"featured_block_inner\">\n<div class=\"featured_block_text\">\n<p>Wola Piotrowa 34, &nbsp;38-505 Bukowsko<\/p>\n<p><strong>nr KRS: <\/strong>0000443738<br \/>\n<strong>NIP:<\/strong> 6871957112<br \/>\n<strong>REGON:<\/strong> 180922790<br \/>\n<strong>Nr. Konta:<\/strong> 47 1600 1462 1851 6366 3000 0001<\/p>\n<p><strong>Przewodnicz\u0105cy Rady Fundacji:<\/strong><br \/>\nJan Krzok &nbsp; &nbsp;&nbsp;+48 691 618 433<br \/>\n<a href=\"mailto:jkrzok@fundacja-latarnia.pl\">jkrzok@fundacja-latarnia.pl<\/a><\/p>\n<p><strong>Prezes Zarz\u0105du:<\/strong><br \/>\nMariusz Szwed<\/p>\n<p>&nbsp;<\/p>\n<\/div>\n<\/div>\n<\/div>\n\n<div id=\"cmsmasters_divider_69f33d02cdc9a9_11993146\" class=\"cmsmasters_divider cmsmasters_divider_width_long cmsmasters_divider_pos_left\"><\/div>\n\n<div id=\"cmsmasters_heading_69f33d02cdcc9\" class=\"cmsmasters_heading_wrap cmsmasters_heading_align_left\">\n\t<h4 class=\"cmsmasters_heading\">Chrze\u015bcija\u0144ski Dom Przysta\u0144<\/h4>\n<\/div><div id=\"cmsmasters_fb_69f33d02cdcde5_00738817\" class=\"cmsmasters_featured_block\">\n<div class=\"featured_block_inner\">\n<div class=\"featured_block_text\">\n<p>Wola Piotrowa 34, &nbsp;38-505 Bukowsko<br \/>\n<strong>Nr. Konta:<\/strong> 20 1600 1462 1851 6366 3000 0002<br \/>\n<strong>TELEFON:<\/strong> +13 440 84 94<\/p>\n<p>&nbsp;<\/p>\n<\/div>\n<\/div>\n<\/div>\n\n<div id=\"cmsmasters_divider_69f33d02cdd000_12997586\" class=\"cmsmasters_divider cmsmasters_divider_width_long cmsmasters_divider_pos_left\"><\/div>\n\n<div id=\"cmsmasters_heading_69f33d02cdd27\" class=\"cmsmasters_heading_wrap cmsmasters_heading_align_left\">\n\t<h4 class=\"cmsmasters_heading\">Chrze\u015bcija\u0144ski Dom Zatoka Pere\u0142<\/h4>\n<\/div><div id=\"cmsmasters_fb_69f33d02cdd484_10735693\" class=\"cmsmasters_featured_block\">\n<div class=\"featured_block_inner\">\n<div class=\"featured_block_text\">\n<p>Wola Piotrowa , &nbsp;38-505 Bukowsko<br \/>\n<strong>Nr. Konta:<\/strong> 09 1600 1462 1851 6366 3000 0006<\/p>\n<p>Wsp\u00f3\u0142rz\u0119dne GPS<br \/>\n49\u00b027&#8217;03.1&#8243;N 22\u00b002&#8217;37.9&#8243;E<br \/>\n49.450861, 22.043870<\/p>\n<p><strong>Kontakt CHD \u201eZatoka Pere\u0142\u201d:<br \/>\n<\/strong><a href=\"mailto:biuro_zatoka@fundacja-latarnia.pl\">biuro_zatoka@fundacja-latarnia.pl<\/a><br \/>\nKatarzyna Szwed&nbsp; +48 784 683 037<\/p>\n<\/div>\n<\/div>\n<\/div>\n<\/div>\n<\/div>\n<\/div>\n<\/div>\n<\/div>\n<\/div>\n<div id=\"cmsmasters_row_69f33d02cdd852_74735991\" class=\"cmsmasters_row cmsmasters_color_scheme_default cmsmasters_row_top_default cmsmasters_row_bot_default cmsmasters_row_fullwidth\">\n<div class=\"cmsmasters_row_outer_parent\">\n<div class=\"cmsmasters_row_outer\">\n<div class=\"cmsmasters_row_inner cmsmasters_row_fullwidth\">\n<div class=\"cmsmasters_row_margin\">\n<div class=\"cmsmasters_column one_first\">\n\n<script type=\"text\/javascript\">jQuery(document).ready(function () { jQuery(\"#google_map_69f33d02cde8e9_57365793\").gMap( { address: \"London\", maptype: \"ROADMAP\", zoom: 14, doubleClickZoom: true, controls: {panControl: true, zoomControl: true, mapTypeControl: true, scaleControl: true, streetViewControl: true, overviewMapControl: true, },markers: [{address: \"London\",},] } ); } );<\/script>\n<div id=\"google_map_69f33d02cde8e9_57365793\" class=\"google_map\"><\/div>\n<\/div>\n<\/div>\n<\/div>\n<\/div>\n<\/div>\n<\/div>\n<div id=\"cmsmasters_row_69f33d02cdea17_30307196\" class=\"cmsmasters_row cmsmasters_color_scheme_first cmsmasters_row_top_default cmsmasters_row_bot_default cmsmasters_row_boxed\">\n<div class=\"cmsmasters_row_outer_parent\">\n<div class=\"cmsmasters_row_outer\">\n<div class=\"cmsmasters_row_inner\">\n<div class=\"cmsmasters_row_margin\">\n<div class=\"cmsmasters_column one_first\">\n<div class=\"cmsmasters_sidebar sidebar_layout_14141414\"><aside id=\"text-2\" class=\"widget widget_text\"><h3 class=\"widgettitle\">Jak do nas trafi\u0107<\/h3>\t\t\t<div class=\"textwidget\"><iframe src=\"https:\/\/www.google.com\/maps\/d\/embed?mid=1XmzBMmbXDre7LhXZj4HuQnQxNv8\"><\/iframe><br>\r\n<\/div>\n\t\t<\/aside><aside id=\"text-3\" class=\"widget widget_text\">\t\t\t<div class=\"textwidget\"> <div class=\"widget_pages\">\n<h3 class=\"widgettitle\">Nasze dzia\u0142ania<\/h3>\n<ul>\n<li><a href=\"https:\/\/fundacja-latarnia.pl\/index.php\/chrzescijanski-dom-zatoka-perel-2\">CHD Zatoka Pere\u0142<\/a><\/li>  \n<li><a href=\"https:\/\/fundacja-latarnia.pl\/index.php\/chrzescijanski-dom-przystan\/\">CHD Przysta\u0144<\/a><\/li>  \n<li><a href=\"https:\/\/fundacja-latarnia.pl\/index.php\/2016\/02\/24\/1477\/\">CHD Pere\u0142ki<\/a><\/li>  \n<li><a href=\"https:\/\/fundacja-latarnia.pl\/index.php\/relizowane-projekty\/\">Program PPAPCU<\/a><\/li> \n<li><a href=\"https:\/\/fundacja-latarnia.pl\/index.php\/relizowane-projekty\/\">Pikniki<\/a><\/li>   \n <li><a href=\"https:\/\/fundacja-latarnia.pl\/index.php\/relizowane-projekty\/\">Wypo\u017cyczalnia rower\u00f3w<\/a><\/li>\n\n <\/ul>\n<\/div><\/div>\n\t\t<\/aside><div class=\"cl\"><\/div>\n<\/div>\n<\/div>\n<\/div>\n<\/div>\n<\/div>\n<\/div>\n<\/div>\n<div id=\"cmsmasters_row_69f33d02ce01a6_36134998\" class=\"cmsmasters_row cmsmasters_color_scheme_first cmsmasters_row_top_default cmsmasters_row_bot_default cmsmasters_row_boxed\">\n<div class=\"cmsmasters_row_outer_parent\">\n<div class=\"cmsmasters_row_outer\">\n<div class=\"cmsmasters_row_inner\">\n<div class=\"cmsmasters_row_margin\">\n<div class=\"cmsmasters_column one_first\">\n<div class=\"cmsmasters_sidebar sidebar_layout_131313\"><aside id=\"text-4\" class=\"widget widget_text\">\t\t\t<div class=\"textwidget\">\n<div id=\"cmsmasters_icon_69f33d02ce0e72_43053231\" class=\"cmsmasters_icon_wrap\"><span class=\"cmsmasters_simple_icon cmsmasters-icon-phone-alt\"><\/span><\/div>\n\r\n<p style=\"text-align: center; font-size: 18px;\">509 531 086 <\/p><\/div>\n\t\t<\/aside><aside id=\"text-5\" class=\"widget widget_text\">\t\t\t<div class=\"textwidget\">\n<div id=\"cmsmasters_icon_69f33d02ce1348_63628046\" class=\"cmsmasters_icon_wrap\"><span class=\"cmsmasters_simple_icon cmsmasters-icon-location-3\"><\/span><\/div>\n\r\n<p style=\"text-align: center; font-size: 18px;\">Wola Piotrowa 34,<br> 38-505 Bukowsko <\/p><\/div>\n\t\t<\/aside><aside id=\"text-6\" class=\"widget widget_text\">\t\t\t<div class=\"textwidget\">\n<div id=\"cmsmasters_icon_69f33d02ce1650_70385933\" class=\"cmsmasters_icon_wrap\"><span class=\"cmsmasters_simple_icon cmsmasters-icon-mail-3\"><\/span><\/div>\n\r\n<p style=\"text-align: center; font-size: 18px;\">biuro@fundacja-latarnia.pl<\/p><\/div>\n\t\t<\/aside><div class=\"cl\"><\/div>\n<\/div>\n<\/div>\n<\/div>\n<\/div>\n<\/div>\n<\/div>\n<\/div>\n\n","protected":false},"excerpt":{"rendered":"","protected":false},"author":1,"featured_media":0,"parent":0,"menu_order":0,"comment_status":"closed","ping_status":"closed","template":"","meta":{"ngg_post_thumbnail":0,"footnotes":""},"class_list":["post-60","page","type-page","status-publish","hentry"],"_links":{"self":[{"href":"https:\/\/fundacja-latarnia.pl\/index.php\/wp-json\/wp\/v2\/pages\/60","targetHints":{"allow":["GET"]}}],"collection":[{"href":"https:\/\/fundacja-latarnia.pl\/index.php\/wp-json\/wp\/v2\/pages"}],"about":[{"href":"https:\/\/fundacja-latarnia.pl\/index.php\/wp-json\/wp\/v2\/types\/page"}],"author":[{"embeddable":true,"href":"https:\/\/fundacja-latarnia.pl\/index.php\/wp-json\/wp\/v2\/users\/1"}],"replies":[{"embeddable":true,"href":"https:\/\/fundacja-latarnia.pl\/index.php\/wp-json\/wp\/v2\/comments?post=60"}],"version-history":[{"count":26,"href":"https:\/\/fundacja-latarnia.pl\/index.php\/wp-json\/wp\/v2\/pages\/60\/revisions"}],"predecessor-version":[{"id":13549,"href":"https:\/\/fundacja-latarnia.pl\/index.php\/wp-json\/wp\/v2\/pages\/60\/revisions\/13549"}],"wp:attachment":[{"href":"https:\/\/fundacja-latarnia.pl\/index.php\/wp-json\/wp\/v2\/media?parent=60"}],"curies":[{"name":"wp","href":"https:\/\/api.w.org\/{rel}","templated":true}]}}